{"id":2001,"date":"2025-02-12T13:57:37","date_gmt":"2025-02-12T13:57:37","guid":{"rendered":"https:\/\/gerharts.muwit.net\/colophon\/"},"modified":"2025-04-07T21:46:27","modified_gmt":"2025-04-07T21:46:27","slug":"colophon","status":"publish","type":"page","link":"https:\/\/www.gerharts-living.com\/it\/colophon\/","title":{"rendered":"Colophon"},"content":{"rendered":"\t\t<div data-elementor-type=\"wp-page\" data-elementor-id=\"2001\" class=\"elementor elementor-2001 elementor-966\" data-elementor-post-type=\"page\">\n\t\t\t\t<div class=\"elementor-element elementor-element-85085bd wrapper e-con-full e-flex e-con e-parent\" data-id=\"85085bd\" data-element_type=\"container\" data-settings=\"{&quot;background_background&quot;:&quot;classic&quot;}\">\n\t\t<div class=\"elementor-element elementor-element-6ef639f e-con-full container-i full-height e-flex e-con e-child\" data-id=\"6ef639f\" data-element_type=\"container\">\n\t\t\t\t<div class=\"elementor-element elementor-element-4b180cd as-bg-img elementor-widget elementor-widget-image\" data-id=\"4b180cd\" data-element_type=\"widget\" data-widget_type=\"image.default\">\n\t\t\t\t\t\t\t\t\t\t\t\t\t\t\t<img fetchpriority=\"high\" decoding=\"async\" width=\"1896\" height=\"1056\" src=\"https:\/\/www.gerharts-living.com\/wp-content\/uploads\/2024\/12\/Businessman_low-1.png\" class=\"attachment-full size-full wp-image-1263\" alt=\"\" srcset=\"https:\/\/www.gerharts-living.com\/wp-content\/uploads\/2024\/12\/Businessman_low-1.png 1896w, https:\/\/www.gerharts-living.com\/wp-content\/uploads\/2024\/12\/Businessman_low-1-300x167.png 300w, https:\/\/www.gerharts-living.com\/wp-content\/uploads\/2024\/12\/Businessman_low-1-1024x570.png 1024w, https:\/\/www.gerharts-living.com\/wp-content\/uploads\/2024\/12\/Businessman_low-1-768x428.png 768w, https:\/\/www.gerharts-living.com\/wp-content\/uploads\/2024\/12\/Businessman_low-1-1536x855.png 1536w\" sizes=\"(max-width: 1896px) 100vw, 1896px\" \/>\t\t\t\t\t\t\t\t\t\t\t\t\t\t\t<\/div>\n\t\t\t\t<div class=\"elementor-element elementor-element-ab707ab elementor-widget elementor-widget-theme-site-logo elementor-widget-image\" data-id=\"ab707ab\" data-element_type=\"widget\" data-widget_type=\"theme-site-logo.default\">\n\t\t\t\t\t\t\t\t\t\t\t<a href=\"https:\/\/www.gerharts-living.com\/it\/\">\n\t\t\t<img decoding=\"async\" width=\"200\" height=\"199\" src=\"https:\/\/www.gerharts-living.com\/wp-content\/uploads\/2024\/11\/Gruppe-3.svg\" class=\"attachment-full size-full wp-image-36\" alt=\"\" \/>\t\t\t\t<\/a>\n\t\t\t\t\t\t\t\t\t\t\t<\/div>\n\t\t\t\t<\/div>\n\t\t<div class=\"elementor-element elementor-element-a2112e8 e-con-full container-i p-b-l w-50 e-flex e-con e-child\" data-id=\"a2112e8\" data-element_type=\"container\">\n\t\t\t\t<div class=\"elementor-element elementor-element-9d807da elementor-widget elementor-widget-heading\" data-id=\"9d807da\" data-element_type=\"widget\" data-widget_type=\"heading.default\">\n\t\t\t\t\t<h1 class=\"elementor-heading-title elementor-size-default\">Colophon<\/h1>\t\t\t\t<\/div>\n\t\t\t\t<div class=\"elementor-element elementor-element-aaf023e elementor-widget elementor-widget-text-editor\" data-id=\"aaf023e\" data-element_type=\"widget\" data-widget_type=\"text-editor.default\">\n\t\t\t\t\t\t\t\t\t<p><strong>Gerharts &#8211; Premium City Living<\/strong><br \/>Via Santa Croce 11<br \/>39042 Bressanone \u2013 Alto Adige<\/p>\n<p><strong>T<\/strong> <a title=\"Gerharts - anrufen\" href=\"tel:00390472694909\" target=\"_blank\" rel=\"noopener noreferrer\">+39 0472 694 909<\/a><br \/><strong>M<\/strong> <a title=\"Gerharts - E-Mail schreiben\" href=\"mailto:info@gerharts-living.com\" target=\"_blank\" rel=\"noopener noreferrer\">info@gerharts-living.com<\/a><\/p>\n<p><strong>ALPIM GmbH<\/strong><br \/>V. Croce Alta 8<br \/>39030 Perca (BZ)<br \/>Part IVA e Cod fisc.: 00649120219<br \/>Empf\u00e4ngerkodex: T04ZHR3<br \/>CIN-Code:\u00a0IT021011B43THNCWV8<\/p>\n<h3>Copyright per le immagini e grafiche utilizzate<\/h3>\n<p>\u00a9 Hannes Niederkofler<br \/>\u00a9 Wolfgang Gafriller<br \/>\u00a9 Thomas Gr\u00fcner IDM S\u00fcdtirol<br \/>\u00a9 SMG<br \/>\u00a9 Helmut Moling<br \/>\u00a9 Helmuth Rier<br \/>\u00a9 Alex Filz<br \/>\u00a9 IDM S\u00fcdtirol<br \/>\u00a9 Matthias Gasser<br \/>\u00a9 TV Brixen Kottersteger<br \/>\u00a9 <a title=\"Pixabay\" href=\"https:\/\/pixabay.com\" target=\"_blank\" rel=\"nofollow noopener\">Pixabay<\/a><br \/>\u00a9 Romain V <a title=\"Unsplash\" href=\"https:\/\/unsplash.com\/@lebrvn\" target=\"_blank\" rel=\"nofollow noopener\">Unsplash<\/a><br \/>\u00a9 Joe Caione <a title=\"Unsplash\" href=\"https:\/\/unsplash.com\/@joeyc\" target=\"_blank\" rel=\"nofollow noopener\">Unsplash<\/a><br \/>\u00a9 Justin Veenema <a title=\"Unsplash\" href=\"https:\/\/unsplash.com\/@justinveenema\" target=\"_blank\" rel=\"nofollow noopener\">Unsplash<\/a><br \/>\u00a9 Wade Austin Ellis <a title=\"Unsplash\" href=\"https:\/\/unsplash.com\/@wadeaustinellis\" target=\"_blank\" rel=\"nofollow noopener\">Unsplash<\/a><br \/>\u00a9 Lisa Campbell <a title=\"Unsplash\" href=\"https:\/\/unsplash.com\/@blonde26\" target=\"_blank\" rel=\"nofollow noopener\">Unsplash<\/a><\/p>\n<h3><strong>Risoluzione delle controversie<\/strong><\/h3>\n<p>Informazioni obbligatorie ai sensi del Regolamento UE n. 524\/2013 del Parlamento e Consiglio europeo. Piattaforma per la risoluzione online delle controversie (ODR) della Commissione europea: <a href=\"https:\/\/ec.europa.eu\/consumers\/odr\/main\/?event=main.trader.register\" target=\"_blank\" rel=\"nofollow noopener\">https:\/\/ec.europa.eu\/consumers\/odr\/main\/?event=main.trader.register<\/a><\/p>\n<h3><strong>Concetto e realizzazione<\/strong><\/h3>\n<p>MUWit d Sandra Stablum<br \/>Citt\u00e0 Alta 60<br \/>39043 Chiusa (BZ)<br \/>Tel. +39 347 1330206<br \/>Part. IVA: IT02730810211<br \/>Cod. fisc.: STB SDR 88 A44 B160 S<br \/><a href=\"mailto:info@muwit.it\">info@muwit.it<\/a><br \/><a title=\"Werbeagentur MUWiT\" href=\"https:\/\/www.muwit.it\" target=\"_blank\" rel=\"nofollow noopener\">www.muwit.it<\/a><\/p>\n<h3><strong>Responsabile per il contenuto:<\/strong><\/h3>\n<p>Alpim GmbH<\/p>\n<p><strong>Dichiarazione liberatoria:<br \/>Responsabilit\u00e0 per i contenuti<\/strong><br \/>I contenuti delle nostre pagine sono stati redatti, elaborati e controllati scrupolosamente. Tuttavia, non ci assumiamo nessuna responsabilit\u00e0 per la correttezza, qualit\u00e0, completezza e attualit\u00e0 dei contenuti, poich\u00e9 non \u00e8 da escludere che siano cambiati nel tempo. Come prestatori di servizi siamo responsabili per i contenuti di queste pagine in base alla normativa vigente. Nella nostra qualit\u00e0 di prestatori di servizi non siamo per\u00f2 obbligati a controllare l\u2019esattezza di informazioni ricevute o salvate da terzi, o a controllare se sussistano irregolarit\u00e0 che indichino un\u2019attivit\u00e0 illegale. L\u2019obbligo di rimuovere o bloccare l\u2019utilizzo di informazioni secondo la normativa vigente rimane valido. L\u2019assunzione di tale responsabilit\u00e0 \u00e8 tuttavia possibile solamente dopo il momento dell\u2019effettivo riconoscimento da parte nostra di una concreta violazione di diritto. Alla presa d\u2019atto di tali violazioni di legge provvederemo immediatamente alla rimozione dei contenuti in questione.<br \/>Si escludono di principio le rivendicazioni di responsabilit\u00e0 di qualsiasi tipo causate dall\u2019utilizzo di informazioni messe a disposizione, oppure da informazioni errate e\/o incomplete.<\/p>\n<p><strong>Responsabilit\u00e0 per i link<\/strong><br \/>La nostra offerta contiene dei collegamenti ipertestuali con siti web esterni di terzi, sui cui contenuti non possiamo influire. Per questo motivo non forniamo nessuna garanzia sui contenuti dei siti web linkati, indipendentemente dal tipo e dalla natura. Ne \u00e8 responsabile solamente il relativo proprietario o gestore del sito. Un controllo permanente dei contenuti dei siti linkati al presente non \u00e8 fattibile senza concreti punti di riferimento. All\u2019avvenuta conoscenza d\u2019infrazioni contro la legge causate dai siti web linkati, i link in questione saranno subito rimossi.<\/p>\n<p><strong>Copyright<\/strong><br \/>Tutti i contenuti e le opere creati dal web designer e dai gestori del sito sono protetti da copyright. La riproduzione, l\u2019alterazione, la distribuzione e qualsiasi forma di utilizzo, soprattutto per scopi commerciali, al di fuori dei limiti del diritto d\u2019autore, sono severamente vietate e ammesse esclusivamente previa autorizzazione scritta del relativo autore o creatore. Nel caso i contenuti di questa pagina non siano stati creati dal gestore, sono da rispettare i diritti di copyright di terzi. I contenuti redatti da terzi sono contrassegnati come tali. In caso doveste notare una violazione del copyright, vi preghiamo gentilmente di farci pervenire un\u2019apposita segnalazione. All\u2019atto di presa di conoscenza di tali violazioni di legge, i contenuti in questione saranno naturalmente rimossi subito, senza per\u00f2 assumerne nessuna responsabilit\u00e0.<\/p>\n\t\t\t\t\t\t\t\t<\/div>\n\t\t\t\t<\/div>\n\t\t\t\t<\/div>\n\t\t\t\t<\/div>\n\t\t","protected":false},"excerpt":{"rendered":"<p>Colophon Gerharts &#8211; Premium City LivingVia Santa Croce 1139042 Bressanone \u2013 Alto Adige T +39 0472 694 909M info@gerharts-living.com ALPIM GmbHV. Croce Alta 839030 Perca (BZ)Part IVA e Cod fisc.: 00649120219Empf\u00e4ngerkodex: T04ZHR3CIN-Code:\u00a0IT021011B43THNCWV8 Copyright per le immagini e grafiche utilizzate \u00a9 Hannes Niederkofler\u00a9 Wolfgang Gafriller\u00a9 Thomas Gr\u00fcner IDM S\u00fcdtirol\u00a9 SMG\u00a9 Helmut Moling\u00a9 Helmuth Rier\u00a9 Alex Filz\u00a9 [&hellip;]<\/p>\n","protected":false},"author":1,"featured_media":0,"parent":0,"menu_order":0,"comment_status":"closed","ping_status":"closed","template":"","meta":{"_acf_changed":false,"footnotes":""},"class_list":["post-2001","page","type-page","status-publish","hentry"],"acf":[],"yoast_head":"<!-- This site is optimized with the Yoast SEO plugin v25.1 - https:\/\/yoast.com\/wordpress\/plugins\/seo\/ -->\n<title>Colophon<\/title>\n<meta name=\"robots\" content=\"index, follow, max-snippet:-1, max-image-preview:large, max-video-preview:-1\" \/>\n<link rel=\"canonical\" href=\"https:\/\/www.gerharts-living.com\/it\/colophon\/\" \/>\n<meta property=\"og:locale\" content=\"it_IT\" \/>\n<meta property=\"og:type\" content=\"article\" \/>\n<meta property=\"og:title\" content=\"Colophon\" \/>\n<meta property=\"og:description\" content=\"Colophon Gerharts &#8211; Premium City LivingVia Santa Croce 1139042 Bressanone \u2013 Alto Adige T +39 0472 694 909M info@gerharts-living.com ALPIM GmbHV. Croce Alta 839030 Perca (BZ)Part IVA e Cod fisc.: 00649120219Empf\u00e4ngerkodex: T04ZHR3CIN-Code:\u00a0IT021011B43THNCWV8 Copyright per le immagini e grafiche utilizzate \u00a9 Hannes Niederkofler\u00a9 Wolfgang Gafriller\u00a9 Thomas Gr\u00fcner IDM S\u00fcdtirol\u00a9 SMG\u00a9 Helmut Moling\u00a9 Helmuth Rier\u00a9 Alex Filz\u00a9 [&hellip;]\" \/>\n<meta property=\"og:url\" content=\"https:\/\/www.gerharts-living.com\/it\/colophon\/\" \/>\n<meta property=\"og:site_name\" content=\"gerharts\" \/>\n<meta property=\"article:modified_time\" content=\"2025-04-07T21:46:27+00:00\" \/>\n<meta property=\"og:image\" content=\"https:\/\/gerharts-living.com\/wp-content\/uploads\/2024\/12\/Businessman_low-1.png\" \/>\n<meta name=\"twitter:card\" content=\"summary_large_image\" \/>\n<meta name=\"twitter:label1\" content=\"Tempo di lettura stimato\" \/>\n\t<meta name=\"twitter:data1\" content=\"3 minuti\" \/>\n<script type=\"application\/ld+json\" class=\"yoast-schema-graph\">{\"@context\":\"https:\/\/schema.org\",\"@graph\":[{\"@type\":\"WebPage\",\"@id\":\"https:\/\/www.gerharts-living.com\/it\/colophon\/\",\"url\":\"https:\/\/www.gerharts-living.com\/it\/colophon\/\",\"name\":\"Colophon\",\"isPartOf\":{\"@id\":\"https:\/\/www.gerharts-living.com\/it\/#website\"},\"primaryImageOfPage\":{\"@id\":\"https:\/\/www.gerharts-living.com\/it\/colophon\/#primaryimage\"},\"image\":{\"@id\":\"https:\/\/www.gerharts-living.com\/it\/colophon\/#primaryimage\"},\"thumbnailUrl\":\"https:\/\/gerharts-living.com\/wp-content\/uploads\/2024\/12\/Businessman_low-1.png\",\"datePublished\":\"2025-02-12T13:57:37+00:00\",\"dateModified\":\"2025-04-07T21:46:27+00:00\",\"breadcrumb\":{\"@id\":\"https:\/\/www.gerharts-living.com\/it\/colophon\/#breadcrumb\"},\"inLanguage\":\"it-IT\",\"potentialAction\":[{\"@type\":\"ReadAction\",\"target\":[\"https:\/\/www.gerharts-living.com\/it\/colophon\/\"]}]},{\"@type\":\"ImageObject\",\"inLanguage\":\"it-IT\",\"@id\":\"https:\/\/www.gerharts-living.com\/it\/colophon\/#primaryimage\",\"url\":\"https:\/\/gerharts-living.com\/wp-content\/uploads\/2024\/12\/Businessman_low-1.png\",\"contentUrl\":\"https:\/\/gerharts-living.com\/wp-content\/uploads\/2024\/12\/Businessman_low-1.png\"},{\"@type\":\"BreadcrumbList\",\"@id\":\"https:\/\/www.gerharts-living.com\/it\/colophon\/#breadcrumb\",\"itemListElement\":[{\"@type\":\"ListItem\",\"position\":1,\"name\":\"Startseite\",\"item\":\"https:\/\/www.gerharts-living.com\/it\/\"},{\"@type\":\"ListItem\",\"position\":2,\"name\":\"Colophon\"}]},{\"@type\":\"WebSite\",\"@id\":\"https:\/\/www.gerharts-living.com\/it\/#website\",\"url\":\"https:\/\/www.gerharts-living.com\/it\/\",\"name\":\"gerharts\",\"description\":\"\",\"publisher\":{\"@id\":\"https:\/\/www.gerharts-living.com\/it\/#organization\"},\"potentialAction\":[{\"@type\":\"SearchAction\",\"target\":{\"@type\":\"EntryPoint\",\"urlTemplate\":\"https:\/\/www.gerharts-living.com\/it\/?s={search_term_string}\"},\"query-input\":{\"@type\":\"PropertyValueSpecification\",\"valueRequired\":true,\"valueName\":\"search_term_string\"}}],\"inLanguage\":\"it-IT\"},{\"@type\":\"Organization\",\"@id\":\"https:\/\/www.gerharts-living.com\/it\/#organization\",\"name\":\"gerharts\",\"url\":\"https:\/\/www.gerharts-living.com\/it\/\",\"logo\":{\"@type\":\"ImageObject\",\"inLanguage\":\"it-IT\",\"@id\":\"https:\/\/www.gerharts-living.com\/it\/#\/schema\/logo\/image\/\",\"url\":\"https:\/\/www.gerharts-living.com\/wp-content\/uploads\/2024\/11\/Gruppe-3.svg\",\"contentUrl\":\"https:\/\/www.gerharts-living.com\/wp-content\/uploads\/2024\/11\/Gruppe-3.svg\",\"width\":200,\"height\":199,\"caption\":\"gerharts\"},\"image\":{\"@id\":\"https:\/\/www.gerharts-living.com\/it\/#\/schema\/logo\/image\/\"}}]}<\/script>\n<!-- \/ Yoast SEO plugin. -->","yoast_head_json":{"title":"Colophon","robots":{"index":"index","follow":"follow","max-snippet":"max-snippet:-1","max-image-preview":"max-image-preview:large","max-video-preview":"max-video-preview:-1"},"canonical":"https:\/\/www.gerharts-living.com\/it\/colophon\/","og_locale":"it_IT","og_type":"article","og_title":"Colophon","og_description":"Colophon Gerharts &#8211; Premium City LivingVia Santa Croce 1139042 Bressanone \u2013 Alto Adige T +39 0472 694 909M info@gerharts-living.com ALPIM GmbHV. Croce Alta 839030 Perca (BZ)Part IVA e Cod fisc.: 00649120219Empf\u00e4ngerkodex: T04ZHR3CIN-Code:\u00a0IT021011B43THNCWV8 Copyright per le immagini e grafiche utilizzate \u00a9 Hannes Niederkofler\u00a9 Wolfgang Gafriller\u00a9 Thomas Gr\u00fcner IDM S\u00fcdtirol\u00a9 SMG\u00a9 Helmut Moling\u00a9 Helmuth Rier\u00a9 Alex Filz\u00a9 [&hellip;]","og_url":"https:\/\/www.gerharts-living.com\/it\/colophon\/","og_site_name":"gerharts","article_modified_time":"2025-04-07T21:46:27+00:00","og_image":[{"url":"https:\/\/gerharts-living.com\/wp-content\/uploads\/2024\/12\/Businessman_low-1.png","type":"","width":"","height":""}],"twitter_card":"summary_large_image","twitter_misc":{"Tempo di lettura stimato":"3 minuti"},"schema":{"@context":"https:\/\/schema.org","@graph":[{"@type":"WebPage","@id":"https:\/\/www.gerharts-living.com\/it\/colophon\/","url":"https:\/\/www.gerharts-living.com\/it\/colophon\/","name":"Colophon","isPartOf":{"@id":"https:\/\/www.gerharts-living.com\/it\/#website"},"primaryImageOfPage":{"@id":"https:\/\/www.gerharts-living.com\/it\/colophon\/#primaryimage"},"image":{"@id":"https:\/\/www.gerharts-living.com\/it\/colophon\/#primaryimage"},"thumbnailUrl":"https:\/\/gerharts-living.com\/wp-content\/uploads\/2024\/12\/Businessman_low-1.png","datePublished":"2025-02-12T13:57:37+00:00","dateModified":"2025-04-07T21:46:27+00:00","breadcrumb":{"@id":"https:\/\/www.gerharts-living.com\/it\/colophon\/#breadcrumb"},"inLanguage":"it-IT","potentialAction":[{"@type":"ReadAction","target":["https:\/\/www.gerharts-living.com\/it\/colophon\/"]}]},{"@type":"ImageObject","inLanguage":"it-IT","@id":"https:\/\/www.gerharts-living.com\/it\/colophon\/#primaryimage","url":"https:\/\/gerharts-living.com\/wp-content\/uploads\/2024\/12\/Businessman_low-1.png","contentUrl":"https:\/\/gerharts-living.com\/wp-content\/uploads\/2024\/12\/Businessman_low-1.png"},{"@type":"BreadcrumbList","@id":"https:\/\/www.gerharts-living.com\/it\/colophon\/#breadcrumb","itemListElement":[{"@type":"ListItem","position":1,"name":"Startseite","item":"https:\/\/www.gerharts-living.com\/it\/"},{"@type":"ListItem","position":2,"name":"Colophon"}]},{"@type":"WebSite","@id":"https:\/\/www.gerharts-living.com\/it\/#website","url":"https:\/\/www.gerharts-living.com\/it\/","name":"gerharts","description":"","publisher":{"@id":"https:\/\/www.gerharts-living.com\/it\/#organization"},"potentialAction":[{"@type":"SearchAction","target":{"@type":"EntryPoint","urlTemplate":"https:\/\/www.gerharts-living.com\/it\/?s={search_term_string}"},"query-input":{"@type":"PropertyValueSpecification","valueRequired":true,"valueName":"search_term_string"}}],"inLanguage":"it-IT"},{"@type":"Organization","@id":"https:\/\/www.gerharts-living.com\/it\/#organization","name":"gerharts","url":"https:\/\/www.gerharts-living.com\/it\/","logo":{"@type":"ImageObject","inLanguage":"it-IT","@id":"https:\/\/www.gerharts-living.com\/it\/#\/schema\/logo\/image\/","url":"https:\/\/www.gerharts-living.com\/wp-content\/uploads\/2024\/11\/Gruppe-3.svg","contentUrl":"https:\/\/www.gerharts-living.com\/wp-content\/uploads\/2024\/11\/Gruppe-3.svg","width":200,"height":199,"caption":"gerharts"},"image":{"@id":"https:\/\/www.gerharts-living.com\/it\/#\/schema\/logo\/image\/"}}]}},"_links":{"self":[{"href":"https:\/\/www.gerharts-living.com\/it\/wp-json\/wp\/v2\/pages\/2001","targetHints":{"allow":["GET"]}}],"collection":[{"href":"https:\/\/www.gerharts-living.com\/it\/wp-json\/wp\/v2\/pages"}],"about":[{"href":"https:\/\/www.gerharts-living.com\/it\/wp-json\/wp\/v2\/types\/page"}],"author":[{"embeddable":true,"href":"https:\/\/www.gerharts-living.com\/it\/wp-json\/wp\/v2\/users\/1"}],"replies":[{"embeddable":true,"href":"https:\/\/www.gerharts-living.com\/it\/wp-json\/wp\/v2\/comments?post=2001"}],"version-history":[{"count":1,"href":"https:\/\/www.gerharts-living.com\/it\/wp-json\/wp\/v2\/pages\/2001\/revisions"}],"predecessor-version":[{"id":2002,"href":"https:\/\/www.gerharts-living.com\/it\/wp-json\/wp\/v2\/pages\/2001\/revisions\/2002"}],"wp:attachment":[{"href":"https:\/\/www.gerharts-living.com\/it\/wp-json\/wp\/v2\/media?parent=2001"}],"curies":[{"name":"wp","href":"https:\/\/api.w.org\/{rel}","templated":true}]}}