{"id":1744,"date":"2024-12-18T14:48:13","date_gmt":"2024-12-18T14:48:13","guid":{"rendered":"https:\/\/gerharts.muwit.net\/insieme-ovunque-vacanze-col-cane-a-bressanone\/"},"modified":"2025-03-12T14:48:11","modified_gmt":"2025-03-12T14:48:11","slug":"insieme-ovunque-vacanze-col-cane-a-bressanone","status":"publish","type":"page","link":"https:\/\/www.gerharts-living.com\/it\/insieme-ovunque-vacanze-col-cane-a-bressanone\/","title":{"rendered":"Insieme, ovunque: vacanze col cane a Bressanone"},"content":{"rendered":"\t\t<div data-elementor-type=\"wp-page\" data-elementor-id=\"1744\" class=\"elementor elementor-1744 elementor-694\" data-elementor-post-type=\"page\">\n\t\t\t\t<div class=\"elementor-element elementor-element-85085bd wrapper e-con-full e-flex e-con e-parent\" data-id=\"85085bd\" data-element_type=\"container\" data-settings=\"{&quot;background_background&quot;:&quot;classic&quot;}\">\n\t\t<div class=\"elementor-element elementor-element-6ef639f e-con-full container-i full-height e-flex e-con e-child\" data-id=\"6ef639f\" data-element_type=\"container\">\n\t\t\t\t<div class=\"elementor-element elementor-element-4b180cd as-bg-img elementor-widget elementor-widget-image\" data-id=\"4b180cd\" data-element_type=\"widget\" data-widget_type=\"image.default\">\n\t\t\t\t\t\t\t\t\t\t\t\t\t\t\t<img fetchpriority=\"high\" decoding=\"async\" width=\"1600\" height=\"800\" src=\"https:\/\/www.gerharts-living.com\/wp-content\/uploads\/2024\/12\/gerharts-urlabu-in-der-stadt-mit-hund-wiese.webp\" class=\"attachment-full size-full wp-image-1519\" alt=\"\" srcset=\"https:\/\/www.gerharts-living.com\/wp-content\/uploads\/2024\/12\/gerharts-urlabu-in-der-stadt-mit-hund-wiese.webp 1600w, https:\/\/www.gerharts-living.com\/wp-content\/uploads\/2024\/12\/gerharts-urlabu-in-der-stadt-mit-hund-wiese-300x150.webp 300w, https:\/\/www.gerharts-living.com\/wp-content\/uploads\/2024\/12\/gerharts-urlabu-in-der-stadt-mit-hund-wiese-1024x512.webp 1024w, https:\/\/www.gerharts-living.com\/wp-content\/uploads\/2024\/12\/gerharts-urlabu-in-der-stadt-mit-hund-wiese-768x384.webp 768w, https:\/\/www.gerharts-living.com\/wp-content\/uploads\/2024\/12\/gerharts-urlabu-in-der-stadt-mit-hund-wiese-1536x768.webp 1536w\" sizes=\"(max-width: 1600px) 100vw, 1600px\" \/>\t\t\t\t\t\t\t\t\t\t\t\t\t\t\t<\/div>\n\t\t\t\t<div class=\"elementor-element elementor-element-ab707ab elementor-widget elementor-widget-theme-site-logo elementor-widget-image\" data-id=\"ab707ab\" data-element_type=\"widget\" data-widget_type=\"theme-site-logo.default\">\n\t\t\t\t\t\t\t\t\t\t\t<a href=\"https:\/\/www.gerharts-living.com\/it\/\">\n\t\t\t<img decoding=\"async\" width=\"200\" height=\"199\" src=\"https:\/\/www.gerharts-living.com\/wp-content\/uploads\/2024\/11\/Gruppe-3.svg\" class=\"attachment-full size-full wp-image-36\" alt=\"\" \/>\t\t\t\t<\/a>\n\t\t\t\t\t\t\t\t\t\t\t<\/div>\n\t\t\t\t<\/div>\n\t\t<div class=\"elementor-element elementor-element-a2112e8 e-con-full container-i p-b-l w-50 e-flex e-con e-child\" data-id=\"a2112e8\" data-element_type=\"container\">\n\t\t\t\t<div class=\"elementor-element elementor-element-9d807da elementor-widget elementor-widget-heading\" data-id=\"9d807da\" data-element_type=\"widget\" data-widget_type=\"heading.default\">\n\t\t\t\t\t<h1 class=\"elementor-heading-title elementor-size-default\">Insieme, ovunque: vacanze col cane a Bressanone <\/h1>\t\t\t\t<\/div>\n\t\t\t\t<div class=\"elementor-element elementor-element-aaf023e elementor-widget elementor-widget-text-editor\" data-id=\"aaf023e\" data-element_type=\"widget\" data-widget_type=\"text-editor.default\">\n\t\t\t\t\t\t\t\t\t<p>\u00c8 naturale che chi ha la fortuna di avere un amico a quattro zampe voglia portarlo con s\u00e9 in vacanza. Da Gerharts, i cani sono pi\u00f9 che benvenuti! Per garantire anche al tuo amico un soggiorno piacevole come a casa, ricordati di portare la sua coperta, la cesta e il suo cibo preferito!  <\/p>\t\t\t\t\t\t\t\t<\/div>\n\t\t\t\t<\/div>\n\t\t<div class=\"elementor-element elementor-element-cf59f1a e-con-full container-i col-2-l e-flex e-con e-child\" data-id=\"cf59f1a\" data-element_type=\"container\">\n\t\t<div class=\"elementor-element elementor-element-c740cd4 e-con-full col-1 e-flex e-con e-child\" data-id=\"c740cd4\" data-element_type=\"container\">\n\t\t\t\t<div class=\"elementor-element elementor-element-fee48ee elementor-arrows-position-inside elementor-widget elementor-widget-image-carousel\" data-id=\"fee48ee\" data-element_type=\"widget\" data-settings=\"{&quot;slides_to_show&quot;:&quot;1&quot;,&quot;navigation&quot;:&quot;arrows&quot;,&quot;autoplay&quot;:&quot;yes&quot;,&quot;pause_on_hover&quot;:&quot;yes&quot;,&quot;pause_on_interaction&quot;:&quot;yes&quot;,&quot;autoplay_speed&quot;:5000,&quot;infinite&quot;:&quot;yes&quot;,&quot;effect&quot;:&quot;slide&quot;,&quot;speed&quot;:500}\" data-widget_type=\"image-carousel.default\">\n\t\t\t\t\t\t\t<div class=\"elementor-image-carousel-wrapper swiper\" role=\"region\" aria-roledescription=\"carousel\" aria-label=\"Carosello d&#039;immagini\" dir=\"ltr\">\n\t\t\t<div class=\"elementor-image-carousel swiper-wrapper swiper-image-stretch\" aria-live=\"off\">\n\t\t\t\t\t\t\t\t<div class=\"swiper-slide\" role=\"group\" aria-roledescription=\"slide\" aria-label=\"1 di 1\"><figure class=\"swiper-slide-inner\"><img decoding=\"async\" class=\"swiper-slide-image\" src=\"https:\/\/www.gerharts-living.com\/wp-content\/uploads\/2024\/12\/gerharts-hunde-in-der-stadt.webp\" alt=\"gerharts-hunde-in-der-stadt\" \/><\/figure><\/div>\t\t\t<\/div>\n\t\t\t\t\t<\/div>\n\t\t\t\t\t\t<\/div>\n\t\t\t\t<\/div>\n\t\t<div class=\"elementor-element elementor-element-b54a039 e-con-full col-2 e-flex e-con e-child\" data-id=\"b54a039\" data-element_type=\"container\" data-settings=\"{&quot;background_background&quot;:&quot;classic&quot;}\">\n\t\t\t\t<div class=\"elementor-element elementor-element-7feb937 elementor-widget elementor-widget-menu-anchor\" data-id=\"7feb937\" data-element_type=\"widget\" data-widget_type=\"menu-anchor.default\">\n\t\t\t\t\t\t\t<div class=\"elementor-menu-anchor\" id=\"stadtspaziergang-vierbeiner\"><\/div>\n\t\t\t\t\t\t<\/div>\n\t\t\t\t<div class=\"elementor-element elementor-element-dc852ba title elementor-widget elementor-widget-heading\" data-id=\"dc852ba\" data-element_type=\"widget\" data-widget_type=\"heading.default\">\n\t\t\t\t\t<h2 class=\"elementor-heading-title elementor-size-default\">Con Fido, a spasso per la citt\u00e0<\/h2>\t\t\t\t<\/div>\n\t\t\t\t<div class=\"elementor-element elementor-element-de6eabb elementor-widget elementor-widget-text-editor\" data-id=\"de6eabb\" data-element_type=\"widget\" data-widget_type=\"text-editor.default\">\n\t\t\t\t\t\t\t\t\t<p>Le lunghe passeggiate lungo il corso del fiume Isarco offrono la possibilit\u00e0 di far \u201csgranchire\u201d per bene il tuo cane senza doverti allontanare troppo dall\u2019appartamento. A Millan, frazione a sud di Bressanone, trovi anche un\u2019area dedicata ai cani dove il tuo amico pu\u00f2 scatenarsi a piacimento. <\/p>\t\t\t\t\t\t\t\t<\/div>\n\t\t\t\t<\/div>\n\t\t\t\t<\/div>\n\t\t<div class=\"elementor-element elementor-element-a0bab34 e-con-full container-i col-2-l e-flex e-con e-child\" data-id=\"a0bab34\" data-element_type=\"container\">\n\t\t<div class=\"elementor-element elementor-element-ec098ba e-con-full col-1 e-flex e-con e-child\" data-id=\"ec098ba\" data-element_type=\"container\">\n\t\t\t\t<div class=\"elementor-element elementor-element-c4f51db elementor-arrows-position-inside elementor-widget elementor-widget-image-carousel\" data-id=\"c4f51db\" data-element_type=\"widget\" data-settings=\"{&quot;slides_to_show&quot;:&quot;1&quot;,&quot;navigation&quot;:&quot;arrows&quot;,&quot;autoplay&quot;:&quot;yes&quot;,&quot;pause_on_hover&quot;:&quot;yes&quot;,&quot;pause_on_interaction&quot;:&quot;yes&quot;,&quot;autoplay_speed&quot;:5000,&quot;infinite&quot;:&quot;yes&quot;,&quot;effect&quot;:&quot;slide&quot;,&quot;speed&quot;:500}\" data-widget_type=\"image-carousel.default\">\n\t\t\t\t\t\t\t<div class=\"elementor-image-carousel-wrapper swiper\" role=\"region\" aria-roledescription=\"carousel\" aria-label=\"Carosello d&#039;immagini\" dir=\"ltr\">\n\t\t\t<div class=\"elementor-image-carousel swiper-wrapper swiper-image-stretch\" aria-live=\"off\">\n\t\t\t\t\t\t\t\t<div class=\"swiper-slide\" role=\"group\" aria-roledescription=\"slide\" aria-label=\"1 di 1\"><figure class=\"swiper-slide-inner\"><img decoding=\"async\" class=\"swiper-slide-image\" src=\"https:\/\/www.gerharts-living.com\/wp-content\/uploads\/2024\/12\/gerharts-wandern-mit-hund.webp\" alt=\"gerharts-wandern-mit-hund\" \/><\/figure><\/div>\t\t\t<\/div>\n\t\t\t\t\t<\/div>\n\t\t\t\t\t\t<\/div>\n\t\t\t\t<\/div>\n\t\t<div class=\"elementor-element elementor-element-00ecfb3 e-con-full col-2 e-flex e-con e-child\" data-id=\"00ecfb3\" data-element_type=\"container\" data-settings=\"{&quot;background_background&quot;:&quot;classic&quot;}\">\n\t\t\t\t<div class=\"elementor-element elementor-element-f3627b6 elementor-widget elementor-widget-menu-anchor\" data-id=\"f3627b6\" data-element_type=\"widget\" data-widget_type=\"menu-anchor.default\">\n\t\t\t\t\t\t\t<div class=\"elementor-menu-anchor\" id=\"wandern-mit-dem-hund\"><\/div>\n\t\t\t\t\t\t<\/div>\n\t\t\t\t<div class=\"elementor-element elementor-element-99d414c title elementor-widget elementor-widget-heading\" data-id=\"99d414c\" data-element_type=\"widget\" data-widget_type=\"heading.default\">\n\t\t\t\t\t<h2 class=\"elementor-heading-title elementor-size-default\">In escursione col cane<\/h2>\t\t\t\t<\/div>\n\t\t\t\t<div class=\"elementor-element elementor-element-1b580b7 elementor-widget elementor-widget-text-editor\" data-id=\"1b580b7\" data-element_type=\"widget\" data-widget_type=\"text-editor.default\">\n\t\t\t\t\t\t\t\t\t<p>Bressanone \u00e8 un\u2019ottima meta per chi viaggia con il proprio cane. La zona offre un\u2019infinit\u00e0 di passeggiate e bellissimi percorsi attraverso campi, boschi e alpeggi. C\u2019\u00e8 cos\u00ec tanto da annusare e scoprire in mezzo alla natura che il tuo cane sar\u00e0 entusiasta! Un\u2019altra buona ragione per trascorrere le vacanze col tuo quattrozampe a Bressanone \u00e8 che molti degli impianti di risalita della zona sono accessibili anche ai cani.   <\/p>\t\t\t\t\t\t\t\t<\/div>\n\t\t\t\t<\/div>\n\t\t\t\t<\/div>\n\t\t<div class=\"elementor-element elementor-element-422a352 e-con-full container-i e-flex e-con e-child\" data-id=\"422a352\" data-element_type=\"container\">\n\t\t<div class=\"elementor-element elementor-element-2803004 e-con-full e-flex e-con e-child\" data-id=\"2803004\" data-element_type=\"container\">\n\t\t\t\t<div class=\"elementor-element elementor-element-bbb1efb elementor-widget elementor-widget-menu-anchor\" data-id=\"bbb1efb\" data-element_type=\"widget\" data-widget_type=\"menu-anchor.default\">\n\t\t\t\t\t\t\t<div class=\"elementor-menu-anchor\" id=\"regeln-fuer-hundehalter\"><\/div>\n\t\t\t\t\t\t<\/div>\n\t\t\t\t<div class=\"elementor-element elementor-element-141e3f5 full-height-carousell elementor-arrows-position-inside elementor-widget elementor-widget-n-carousel\" data-id=\"141e3f5\" data-element_type=\"widget\" data-settings=\"{&quot;carousel_items&quot;:[{&quot;slide_title&quot;:&quot;Slide #1&quot;,&quot;_id&quot;:&quot;edabfad&quot;}],&quot;slides_to_show&quot;:&quot;1&quot;,&quot;slides_to_show_tablet&quot;:&quot;2&quot;,&quot;slides_to_show_mobile&quot;:&quot;1&quot;,&quot;autoplay&quot;:&quot;yes&quot;,&quot;autoplay_speed&quot;:5000,&quot;pause_on_hover&quot;:&quot;yes&quot;,&quot;pause_on_interaction&quot;:&quot;yes&quot;,&quot;infinite&quot;:&quot;yes&quot;,&quot;speed&quot;:500,&quot;offset_sides&quot;:&quot;none&quot;,&quot;arrows&quot;:&quot;yes&quot;,&quot;image_spacing_custom&quot;:{&quot;unit&quot;:&quot;px&quot;,&quot;size&quot;:10,&quot;sizes&quot;:[]},&quot;image_spacing_custom_tablet&quot;:{&quot;unit&quot;:&quot;px&quot;,&quot;size&quot;:&quot;&quot;,&quot;sizes&quot;:[]},&quot;image_spacing_custom_mobile&quot;:{&quot;unit&quot;:&quot;px&quot;,&quot;size&quot;:&quot;&quot;,&quot;sizes&quot;:[]}}\" data-widget_type=\"nested-carousel.default\">\n\t\t\t\t\t\t\t<div class=\"e-n-carousel swiper\" role=\"region\" aria-roledescription=\"carousel\" aria-label=\"Carosello\" dir=\"ltr\">\n\t\t\t<div class=\"swiper-wrapper\" aria-live=\"off\">\n\t\t\t\t\t\t\t\t\t\t<div class=\"swiper-slide\" data-slide=\"1\" role=\"group\" aria-roledescription=\"slide\" aria-label=\"1 di 1\">\n\t\t\t\t\t\t\t<div class=\"elementor-element elementor-element-7a23be8 e-con-full slide-item e-flex e-con e-child\" data-id=\"7a23be8\" data-element_type=\"container\">\n\t\t\t\t<div class=\"elementor-element elementor-element-19434a3 as-bg-img elementor-widget elementor-widget-image\" data-id=\"19434a3\" data-element_type=\"widget\" data-widget_type=\"image.default\">\n\t\t\t\t\t\t\t\t\t\t\t\t\t\t\t<img decoding=\"async\" width=\"1600\" height=\"800\" src=\"https:\/\/www.gerharts-living.com\/wp-content\/uploads\/2024\/12\/gerharts-regeln-fuer-hundehalter.webp\" class=\"attachment-full size-full wp-image-1513\" alt=\"\" srcset=\"https:\/\/www.gerharts-living.com\/wp-content\/uploads\/2024\/12\/gerharts-regeln-fuer-hundehalter.webp 1600w, https:\/\/www.gerharts-living.com\/wp-content\/uploads\/2024\/12\/gerharts-regeln-fuer-hundehalter-300x150.webp 300w, https:\/\/www.gerharts-living.com\/wp-content\/uploads\/2024\/12\/gerharts-regeln-fuer-hundehalter-1024x512.webp 1024w, https:\/\/www.gerharts-living.com\/wp-content\/uploads\/2024\/12\/gerharts-regeln-fuer-hundehalter-768x384.webp 768w, https:\/\/www.gerharts-living.com\/wp-content\/uploads\/2024\/12\/gerharts-regeln-fuer-hundehalter-1536x768.webp 1536w\" sizes=\"(max-width: 1600px) 100vw, 1600px\" \/>\t\t\t\t\t\t\t\t\t\t\t\t\t\t\t<\/div>\n\t\t<div class=\"elementor-element elementor-element-adfbca7 e-con-full slider-content e-flex e-con e-child\" data-id=\"adfbca7\" data-element_type=\"container\">\n\t\t\t\t<div class=\"elementor-element elementor-element-a4d98e2 title elementor-widget elementor-widget-heading\" data-id=\"a4d98e2\" data-element_type=\"widget\" data-widget_type=\"heading.default\">\n\t\t\t\t\t<h1 class=\"elementor-heading-title elementor-size-default\">Per una vacanza serena con il tuo cane<\/h1>\t\t\t\t<\/div>\n\t\t\t\t<div class=\"elementor-element elementor-element-ea5833c elementor-widget elementor-widget-text-editor\" data-id=\"ea5833c\" data-element_type=\"widget\" data-widget_type=\"text-editor.default\">\n\t\t\t\t\t\t\t\t\t<p>Ti preghiamo di ricordare che anche in Alto Adige, come nel resto d\u2019Italia, vige l\u2019obbligo del guinzaglio. Sia il guinzaglio sia la museruola, anche se non indossata, vanno sempre portati quando si esce col cane, in modo da poterli presentare su richiesta o usare quando si sale sui mezzi pubblici.  <\/p>\t\t\t\t\t\t\t\t<\/div>\n\t\t\t\t<\/div>\n\t\t\t\t<\/div>\n\t\t\t\t\t\t\t\t<\/div>\n\t\t\t\t\t\t\t\t<\/div>\n\t\t<\/div>\n\t\t\t\t\t\t<\/div>\n\t\t\t\t<\/div>\n\t\t\t\t<\/div>\n\t\t\t\t<\/div>\n\t\t\t\t<\/div>\n\t\t","protected":false},"excerpt":{"rendered":"<p>Insieme, ovunque: vacanze col cane a Bressanone \u00c8 naturale che chi ha la fortuna di avere un amico a quattro zampe voglia portarlo con s\u00e9 in vacanza. Da Gerharts, i cani sono pi\u00f9 che benvenuti! Per garantire anche al tuo amico un soggiorno piacevole come a casa, ricordati di portare la sua coperta, la cesta [&hellip;]<\/p>\n","protected":false},"author":1,"featured_media":0,"parent":0,"menu_order":0,"comment_status":"closed","ping_status":"closed","template":"","meta":{"_acf_changed":false,"footnotes":""},"class_list":["post-1744","page","type-page","status-publish","hentry"],"acf":[],"yoast_head":"<!-- This site is optimized with the Yoast SEO plugin v25.1 - https:\/\/yoast.com\/wordpress\/plugins\/seo\/ -->\n<title>Vacanze col cane in Alto Adige \u2013 Appartamenti Gerharts<\/title>\n<meta name=\"description\" content=\"Porta il tuo cane a trascorrere una bella vacanza in Alto Adige: gli appartamenti Gerharts a Bressanone accolgono ospiti a due e quattro zampe!\" \/>\n<meta name=\"robots\" content=\"index, follow, max-snippet:-1, max-image-preview:large, max-video-preview:-1\" \/>\n<link rel=\"canonical\" href=\"https:\/\/www.gerharts-living.com\/it\/insieme-ovunque-vacanze-col-cane-a-bressanone\/\" \/>\n<meta property=\"og:locale\" content=\"it_IT\" \/>\n<meta property=\"og:type\" content=\"article\" \/>\n<meta property=\"og:title\" content=\"Vacanze col cane in Alto Adige \u2013 Appartamenti Gerharts\" \/>\n<meta property=\"og:description\" content=\"Porta il tuo cane a trascorrere una bella vacanza in Alto Adige: gli appartamenti Gerharts a Bressanone accolgono ospiti a due e quattro zampe!\" \/>\n<meta property=\"og:url\" content=\"https:\/\/www.gerharts-living.com\/it\/insieme-ovunque-vacanze-col-cane-a-bressanone\/\" \/>\n<meta property=\"og:site_name\" content=\"gerharts\" \/>\n<meta property=\"article:modified_time\" content=\"2025-03-12T14:48:11+00:00\" \/>\n<meta property=\"og:image\" content=\"https:\/\/gerharts-living.com\/wp-content\/uploads\/2024\/12\/gerharts-urlabu-in-der-stadt-mit-hund-wiese.webp\" \/>\n<meta name=\"twitter:card\" content=\"summary_large_image\" \/>\n<meta name=\"twitter:label1\" content=\"Tempo di lettura stimato\" \/>\n\t<meta name=\"twitter:data1\" content=\"2 minuti\" \/>\n<script type=\"application\/ld+json\" class=\"yoast-schema-graph\">{\"@context\":\"https:\/\/schema.org\",\"@graph\":[{\"@type\":\"WebPage\",\"@id\":\"https:\/\/www.gerharts-living.com\/it\/insieme-ovunque-vacanze-col-cane-a-bressanone\/\",\"url\":\"https:\/\/www.gerharts-living.com\/it\/insieme-ovunque-vacanze-col-cane-a-bressanone\/\",\"name\":\"Vacanze col cane in Alto Adige \u2013 Appartamenti Gerharts\",\"isPartOf\":{\"@id\":\"https:\/\/www.gerharts-living.com\/it\/#website\"},\"primaryImageOfPage\":{\"@id\":\"https:\/\/www.gerharts-living.com\/it\/insieme-ovunque-vacanze-col-cane-a-bressanone\/#primaryimage\"},\"image\":{\"@id\":\"https:\/\/www.gerharts-living.com\/it\/insieme-ovunque-vacanze-col-cane-a-bressanone\/#primaryimage\"},\"thumbnailUrl\":\"https:\/\/gerharts-living.com\/wp-content\/uploads\/2024\/12\/gerharts-urlabu-in-der-stadt-mit-hund-wiese.webp\",\"datePublished\":\"2024-12-18T14:48:13+00:00\",\"dateModified\":\"2025-03-12T14:48:11+00:00\",\"description\":\"Porta il tuo cane a trascorrere una bella vacanza in Alto Adige: gli appartamenti Gerharts a Bressanone accolgono ospiti a due e quattro zampe!\",\"breadcrumb\":{\"@id\":\"https:\/\/www.gerharts-living.com\/it\/insieme-ovunque-vacanze-col-cane-a-bressanone\/#breadcrumb\"},\"inLanguage\":\"it-IT\",\"potentialAction\":[{\"@type\":\"ReadAction\",\"target\":[\"https:\/\/www.gerharts-living.com\/it\/insieme-ovunque-vacanze-col-cane-a-bressanone\/\"]}]},{\"@type\":\"ImageObject\",\"inLanguage\":\"it-IT\",\"@id\":\"https:\/\/www.gerharts-living.com\/it\/insieme-ovunque-vacanze-col-cane-a-bressanone\/#primaryimage\",\"url\":\"https:\/\/gerharts-living.com\/wp-content\/uploads\/2024\/12\/gerharts-urlabu-in-der-stadt-mit-hund-wiese.webp\",\"contentUrl\":\"https:\/\/gerharts-living.com\/wp-content\/uploads\/2024\/12\/gerharts-urlabu-in-der-stadt-mit-hund-wiese.webp\"},{\"@type\":\"BreadcrumbList\",\"@id\":\"https:\/\/www.gerharts-living.com\/it\/insieme-ovunque-vacanze-col-cane-a-bressanone\/#breadcrumb\",\"itemListElement\":[{\"@type\":\"ListItem\",\"position\":1,\"name\":\"Startseite\",\"item\":\"https:\/\/www.gerharts-living.com\/it\/\"},{\"@type\":\"ListItem\",\"position\":2,\"name\":\"Insieme, ovunque: vacanze col cane a Bressanone\"}]},{\"@type\":\"WebSite\",\"@id\":\"https:\/\/www.gerharts-living.com\/it\/#website\",\"url\":\"https:\/\/www.gerharts-living.com\/it\/\",\"name\":\"gerharts\",\"description\":\"\",\"publisher\":{\"@id\":\"https:\/\/www.gerharts-living.com\/it\/#organization\"},\"potentialAction\":[{\"@type\":\"SearchAction\",\"target\":{\"@type\":\"EntryPoint\",\"urlTemplate\":\"https:\/\/www.gerharts-living.com\/it\/?s={search_term_string}\"},\"query-input\":{\"@type\":\"PropertyValueSpecification\",\"valueRequired\":true,\"valueName\":\"search_term_string\"}}],\"inLanguage\":\"it-IT\"},{\"@type\":\"Organization\",\"@id\":\"https:\/\/www.gerharts-living.com\/it\/#organization\",\"name\":\"gerharts\",\"url\":\"https:\/\/www.gerharts-living.com\/it\/\",\"logo\":{\"@type\":\"ImageObject\",\"inLanguage\":\"it-IT\",\"@id\":\"https:\/\/www.gerharts-living.com\/it\/#\/schema\/logo\/image\/\",\"url\":\"https:\/\/www.gerharts-living.com\/wp-content\/uploads\/2024\/11\/Gruppe-3.svg\",\"contentUrl\":\"https:\/\/www.gerharts-living.com\/wp-content\/uploads\/2024\/11\/Gruppe-3.svg\",\"width\":200,\"height\":199,\"caption\":\"gerharts\"},\"image\":{\"@id\":\"https:\/\/www.gerharts-living.com\/it\/#\/schema\/logo\/image\/\"}}]}<\/script>\n<!-- \/ Yoast SEO plugin. -->","yoast_head_json":{"title":"Vacanze col cane in Alto Adige \u2013 Appartamenti Gerharts","description":"Porta il tuo cane a trascorrere una bella vacanza in Alto Adige: gli appartamenti Gerharts a Bressanone accolgono ospiti a due e quattro zampe!","robots":{"index":"index","follow":"follow","max-snippet":"max-snippet:-1","max-image-preview":"max-image-preview:large","max-video-preview":"max-video-preview:-1"},"canonical":"https:\/\/www.gerharts-living.com\/it\/insieme-ovunque-vacanze-col-cane-a-bressanone\/","og_locale":"it_IT","og_type":"article","og_title":"Vacanze col cane in Alto Adige \u2013 Appartamenti Gerharts","og_description":"Porta il tuo cane a trascorrere una bella vacanza in Alto Adige: gli appartamenti Gerharts a Bressanone accolgono ospiti a due e quattro zampe!","og_url":"https:\/\/www.gerharts-living.com\/it\/insieme-ovunque-vacanze-col-cane-a-bressanone\/","og_site_name":"gerharts","article_modified_time":"2025-03-12T14:48:11+00:00","og_image":[{"url":"https:\/\/gerharts-living.com\/wp-content\/uploads\/2024\/12\/gerharts-urlabu-in-der-stadt-mit-hund-wiese.webp","type":"","width":"","height":""}],"twitter_card":"summary_large_image","twitter_misc":{"Tempo di lettura stimato":"2 minuti"},"schema":{"@context":"https:\/\/schema.org","@graph":[{"@type":"WebPage","@id":"https:\/\/www.gerharts-living.com\/it\/insieme-ovunque-vacanze-col-cane-a-bressanone\/","url":"https:\/\/www.gerharts-living.com\/it\/insieme-ovunque-vacanze-col-cane-a-bressanone\/","name":"Vacanze col cane in Alto Adige \u2013 Appartamenti Gerharts","isPartOf":{"@id":"https:\/\/www.gerharts-living.com\/it\/#website"},"primaryImageOfPage":{"@id":"https:\/\/www.gerharts-living.com\/it\/insieme-ovunque-vacanze-col-cane-a-bressanone\/#primaryimage"},"image":{"@id":"https:\/\/www.gerharts-living.com\/it\/insieme-ovunque-vacanze-col-cane-a-bressanone\/#primaryimage"},"thumbnailUrl":"https:\/\/gerharts-living.com\/wp-content\/uploads\/2024\/12\/gerharts-urlabu-in-der-stadt-mit-hund-wiese.webp","datePublished":"2024-12-18T14:48:13+00:00","dateModified":"2025-03-12T14:48:11+00:00","description":"Porta il tuo cane a trascorrere una bella vacanza in Alto Adige: gli appartamenti Gerharts a Bressanone accolgono ospiti a due e quattro zampe!","breadcrumb":{"@id":"https:\/\/www.gerharts-living.com\/it\/insieme-ovunque-vacanze-col-cane-a-bressanone\/#breadcrumb"},"inLanguage":"it-IT","potentialAction":[{"@type":"ReadAction","target":["https:\/\/www.gerharts-living.com\/it\/insieme-ovunque-vacanze-col-cane-a-bressanone\/"]}]},{"@type":"ImageObject","inLanguage":"it-IT","@id":"https:\/\/www.gerharts-living.com\/it\/insieme-ovunque-vacanze-col-cane-a-bressanone\/#primaryimage","url":"https:\/\/gerharts-living.com\/wp-content\/uploads\/2024\/12\/gerharts-urlabu-in-der-stadt-mit-hund-wiese.webp","contentUrl":"https:\/\/gerharts-living.com\/wp-content\/uploads\/2024\/12\/gerharts-urlabu-in-der-stadt-mit-hund-wiese.webp"},{"@type":"BreadcrumbList","@id":"https:\/\/www.gerharts-living.com\/it\/insieme-ovunque-vacanze-col-cane-a-bressanone\/#breadcrumb","itemListElement":[{"@type":"ListItem","position":1,"name":"Startseite","item":"https:\/\/www.gerharts-living.com\/it\/"},{"@type":"ListItem","position":2,"name":"Insieme, ovunque: vacanze col cane a Bressanone"}]},{"@type":"WebSite","@id":"https:\/\/www.gerharts-living.com\/it\/#website","url":"https:\/\/www.gerharts-living.com\/it\/","name":"gerharts","description":"","publisher":{"@id":"https:\/\/www.gerharts-living.com\/it\/#organization"},"potentialAction":[{"@type":"SearchAction","target":{"@type":"EntryPoint","urlTemplate":"https:\/\/www.gerharts-living.com\/it\/?s={search_term_string}"},"query-input":{"@type":"PropertyValueSpecification","valueRequired":true,"valueName":"search_term_string"}}],"inLanguage":"it-IT"},{"@type":"Organization","@id":"https:\/\/www.gerharts-living.com\/it\/#organization","name":"gerharts","url":"https:\/\/www.gerharts-living.com\/it\/","logo":{"@type":"ImageObject","inLanguage":"it-IT","@id":"https:\/\/www.gerharts-living.com\/it\/#\/schema\/logo\/image\/","url":"https:\/\/www.gerharts-living.com\/wp-content\/uploads\/2024\/11\/Gruppe-3.svg","contentUrl":"https:\/\/www.gerharts-living.com\/wp-content\/uploads\/2024\/11\/Gruppe-3.svg","width":200,"height":199,"caption":"gerharts"},"image":{"@id":"https:\/\/www.gerharts-living.com\/it\/#\/schema\/logo\/image\/"}}]}},"_links":{"self":[{"href":"https:\/\/www.gerharts-living.com\/it\/wp-json\/wp\/v2\/pages\/1744","targetHints":{"allow":["GET"]}}],"collection":[{"href":"https:\/\/www.gerharts-living.com\/it\/wp-json\/wp\/v2\/pages"}],"about":[{"href":"https:\/\/www.gerharts-living.com\/it\/wp-json\/wp\/v2\/types\/page"}],"author":[{"embeddable":true,"href":"https:\/\/www.gerharts-living.com\/it\/wp-json\/wp\/v2\/users\/1"}],"replies":[{"embeddable":true,"href":"https:\/\/www.gerharts-living.com\/it\/wp-json\/wp\/v2\/comments?post=1744"}],"version-history":[{"count":1,"href":"https:\/\/www.gerharts-living.com\/it\/wp-json\/wp\/v2\/pages\/1744\/revisions"}],"predecessor-version":[{"id":1745,"href":"https:\/\/www.gerharts-living.com\/it\/wp-json\/wp\/v2\/pages\/1744\/revisions\/1745"}],"wp:attachment":[{"href":"https:\/\/www.gerharts-living.com\/it\/wp-json\/wp\/v2\/media?parent=1744"}],"curies":[{"name":"wp","href":"https:\/\/api.w.org\/{rel}","templated":true}]}}